{"id":9,"date":"2022-08-03T17:33:43","date_gmt":"2022-08-03T17:33:43","guid":{"rendered":"http:\/\/www.ercanertan.com\/?page_id=9"},"modified":"2026-02-17T08:32:29","modified_gmt":"2026-02-17T08:32:29","slug":"sinema-ve-dizi","status":"publish","type":"page","link":"https:\/\/www.ercanertan.com\/index.php\/sinema-ve-dizi\/","title":{"rendered":"Sinema ve Dizi"},"content":{"rendered":"\n<p><strong>Sinema Filmleri<\/strong><\/p>\n\n\n\n<figure class=\"wp-block-table\"><table><tbody><tr><td><strong>Y\u0131l<\/strong><\/td><td><strong>Yap\u0131m<\/strong><\/td><td><strong>Film<\/strong><\/td><td><strong>Karakter<\/strong><\/td><td><strong>Y\u00f6netmen<\/strong><\/td><\/tr><tr><td>2022<\/td><td>\u0130kinci Yeni Film<\/td><td>Atilla<\/td><td>Valentianus<\/td><td>Mecit G\u00fcven<\/td><\/tr><tr><td>2020<\/td><td>\u0130kinci Yeni Film<\/td><td>B\u00fcy\u00fck \u0130skender<\/td><td>B\u00fcy\u00fck \u0130skender<\/td><td>Mecit G\u00fcven<\/td><\/tr><tr><td>2016<\/td><td>TAFF Pictures<\/td><td>Sonsuz A\u015fk<\/td><td>Dr. Kerim<\/td><td>Ahmet Kat\u0131ks\u0131z<\/td><\/tr><\/tbody><\/table><\/figure>\n\n\n\n<p><strong>TV Dizileri<\/strong><\/p>\n\n\n\n<figure class=\"wp-block-table\"><table class=\"has-fixed-layout\"><tbody><tr><td>Sezon<\/td><td>Yap\u0131m<\/td><td>Dizi<\/td><td>Karakter<\/td><td><strong>Kanal<\/strong><\/td><\/tr><tr><td>2026<\/td><td><strong>Miray Yap\u0131m<\/strong><\/td><td><strong>On be\u015fliler<\/strong><\/td><td>Y\u00fczba\u015f\u0131 Alex<\/td><td>Trt Tabii<\/td><\/tr><tr><td>2025<\/td><td><strong>Miray Yap\u0131m<\/strong><\/td><td><strong>Vefa Sultan<\/strong><\/td><td>Oswald\/Osman<\/td><td>Trt 1<\/td><\/tr><tr><td>2025<\/td><td><strong>Miray Yap\u0131m<\/strong><\/td><td><strong>Mehmed: Fetihler Sultan\u0131<\/strong><\/td><td>Jacome Koko<\/td><td>Trt 1<\/td><\/tr><tr><td>2024<\/td><td><strong>Ay Yap\u0131m<\/strong><\/td><td><strong>Aile<\/strong><\/td><td>Saffet<\/td><td>Show<\/td><\/tr><tr><td>2022<\/td><td><strong>Erler Film<\/strong><\/td><td><strong>Arka Sokaklar<\/strong><\/td><td>Ferhat Maz\u0131<\/td><td>Kanal D<\/td><\/tr><tr><td>2021<\/td><td><strong>Ay Yap\u0131m<\/strong><\/td><td><strong>\u00c7ukur<\/strong><\/td><td>Faruk<\/td><td>Show<\/td><\/tr><tr><td>2020<\/td><td><strong>MF Yap\u0131m<\/strong><\/td><td><strong>Mucize Doktor<\/strong><\/td><td>Levent<\/td><td>Fox<\/td><\/tr><tr><td>2020<\/td><td><strong>ES Film<\/strong><\/td><td><strong>Mavera<\/strong><\/td><td>Ziya<\/td><td>Trt 1<\/td><\/tr><tr><td>2019<\/td><td><strong>ES Film<\/strong><\/td><td><strong>Payitaht<\/strong><\/td><td>John Kartov<\/td><td>Trt 1<\/td><\/tr><tr><td>2018<\/td><td><strong>Bozda\u011f Film<\/strong><\/td><td><strong>Dirili\u015f Ertu\u011frul<\/strong><\/td><td>Torumtay<\/td><td>Trt 1<\/td><\/tr><\/tbody><\/table><\/figure>\n\n\n\n<p><strong>K\u0131sa Filmler<\/strong><\/p>\n\n\n\n<figure class=\"wp-block-table\"><table><tbody><tr><td><strong>Y\u0131l<\/strong><\/td><td><strong>Film<\/strong><\/td><td><strong>Karakter<\/strong><\/td><td><strong>Yay\u0131n<\/strong><\/td><\/tr><tr><td>2016<\/td><td>Aray\u0131\u015f<\/td><td>Veysel<\/td><td>Festival<\/td><\/tr><tr><td>2015<\/td><td>A\u015fka D\u00fc\u015fen G\u00f6lge<\/td><td>Emin<\/td><td>Festival<\/td><\/tr><tr><td>2014<\/td><td>Laundry Club<\/td><td>Staton<\/td><td>Festival<\/td><\/tr><\/tbody><\/table><\/figure>\n\n\n\n<p><\/p>\n","protected":false},"excerpt":{"rendered":"<p>Sinema Filmleri Y\u0131l Yap\u0131m Film Karakter Y\u00f6netmen 2022 \u0130kinci Yeni Film Atilla Valentianus Mecit G\u00fcven 2020 \u0130kinci Yeni Film B\u00fcy\u00fck \u0130skender B\u00fcy\u00fck&hellip;<\/p>\n<p> <a class=\"more-link\" href=\"https:\/\/www.ercanertan.com\/index.php\/sinema-ve-dizi\/\">Daha fazla oku<\/a><\/p>\n","protected":false},"author":1,"featured_media":0,"parent":0,"menu_order":0,"comment_status":"closed","ping_status":"closed","template":"","meta":{"pgc_sgb_lightbox_settings":"","footnotes":""},"class_list":["post-9","page","type-page","status-publish"],"_links":{"self":[{"href":"https:\/\/www.ercanertan.com\/index.php\/wp-json\/wp\/v2\/pages\/9","targetHints":{"allow":["GET"]}}],"collection":[{"href":"https:\/\/www.ercanertan.com\/index.php\/wp-json\/wp\/v2\/pages"}],"about":[{"href":"https:\/\/www.ercanertan.com\/index.php\/wp-json\/wp\/v2\/types\/page"}],"author":[{"embeddable":true,"href":"https:\/\/www.ercanertan.com\/index.php\/wp-json\/wp\/v2\/users\/1"}],"replies":[{"embeddable":true,"href":"https:\/\/www.ercanertan.com\/index.php\/wp-json\/wp\/v2\/comments?post=9"}],"version-history":[{"count":5,"href":"https:\/\/www.ercanertan.com\/index.php\/wp-json\/wp\/v2\/pages\/9\/revisions"}],"predecessor-version":[{"id":267,"href":"https:\/\/www.ercanertan.com\/index.php\/wp-json\/wp\/v2\/pages\/9\/revisions\/267"}],"wp:attachment":[{"href":"https:\/\/www.ercanertan.com\/index.php\/wp-json\/wp\/v2\/media?parent=9"}],"curies":[{"name":"wp","href":"https:\/\/api.w.org\/{rel}","templated":true}]}}