{"id":8,"date":"2022-08-03T17:33:43","date_gmt":"2022-08-03T17:33:43","guid":{"rendered":"http:\/\/www.ercanertan.com\/?page_id=8"},"modified":"2026-02-17T08:37:40","modified_gmt":"2026-02-17T08:37:40","slug":"tiyatro-oyunlari","status":"publish","type":"page","link":"https:\/\/www.ercanertan.com\/index.php\/tiyatro-oyunlari\/","title":{"rendered":"Tiyatro Oyunlar\u0131"},"content":{"rendered":"\n<p><a><\/a><strong>T\u0130YATRO OYUNLARI<\/strong><\/p>\n\n\n\n<figure class=\"wp-block-table\"><table class=\"has-fixed-layout\"><tbody><tr><td><strong>Sezon<\/strong><\/td><td><strong>Tiyatro<\/strong><\/td><td><strong>Oyun<\/strong><\/td><td><strong>Karakter<\/strong><\/td><td><strong>Y\u00f6netmen<\/strong><\/td><\/tr><tr><td>2026<\/td><td><strong>Sakarya \u015e. Tiyatrosu<\/strong><\/td><td>Mehmet Ali<\/td><td>Mehmet<\/td><td>U\u011fra\u015f Atay<\/td><\/tr><tr><td>2026<\/td><td><strong>Sakarya \u015e. Tiyatrosu<\/strong><\/td><td><strong>Yoldan \u00c7\u0131kan Oyun<\/strong><\/td><td>Chris Bean<\/td><td>U\u011fra\u015f Atay<\/td><\/tr><tr><td>2025 &#8211; 2026<\/td><td><strong>\u00c7.Tun\u00e7 Tiyatrosu<\/strong><\/td><td>A\u015fk-\u0131 Memnu<\/td><td>Behl\u00fcl<\/td><td>\u00c7i\u011fdem Tun\u00e7<\/td><\/tr><tr><td>2024 &#8211; 2025<\/td><td><strong>DasDas<\/strong><\/td><td>Override<\/td><td>Mark<\/td><td>Taner Tun\u00e7ay<\/td><\/tr><tr><td>2024 &#8211; 2025<\/td><td><strong>TRT Radyo (Radyo Tiyatrosu)<\/strong><\/td><td>Selahaddin Eyy\u00fcbi\u2019nin R\u00fcyas\u0131<\/td><td>\u015e\u00f6valye<\/td><td>Onur Erbilen<\/td><\/tr><tr><td>2018 &#8211; 2025<\/td><td><strong>\u0130stanbul Tema\u015fa Tiyatrosu<br>Dionysos Theatre<\/strong><\/td><td><strong>Fareler ve \u0130nsanlar <\/strong><strong>*** \/ ****<\/strong><\/td><td>Slim<\/td><td>Erdem Topuz<\/td><\/tr><tr><td>2023 &#8211; 2024<\/td><td><strong>Tatavla Tiyatro<\/strong><\/td><td><strong>En Uzun Gece<\/strong><\/td><td>P.A.<\/td><td>Tuba Z. Sa\u011flam<\/td><\/tr><tr><td>2022 &#8211; 2023<\/td><td><strong>Ankara Birlik Tiyatrosu<\/strong><\/td><td><strong>Bir Yery\u00fcz\u00fc Ozan\u0131<\/strong><\/td><td>R\u0131fat Ilgaz<\/td><td>G\u00fcl G\u00f6ker<\/td><\/tr><tr><td>2021 &#8211; 2023<\/td><td><strong>Oji Tiyatro<\/strong><\/td><td><strong>Hu <\/strong><strong>*** \/ ****<\/strong><\/td><td>Erkek<\/td><td>Taner Tun\u00e7ay<\/td><\/tr><tr><td>2020 &#8211; 2021<\/td><td><strong>Glow Medya<\/strong><\/td><td><strong>\u015eekerpare<\/strong><\/td><td>Laz-Kabaday\u0131-Ermeni<\/td><td>Or\u00e7un Kaptan<\/td><\/tr><tr><td>2019 &#8211; 2020<\/td><td><strong>Cihangir Tatavla<\/strong><\/td><td><strong>Bahar Noktas\u0131 Opereti<\/strong><\/td><td>Teneke<\/td><td>Eraslan Sa\u011flam<\/td><\/tr><tr><td>2018 &#8211; 2019<\/td><td><strong>\u0130stanbul Kumpanyas\u0131<\/strong><\/td><td><strong>Hezarfen<\/strong><\/td><td>Ahmet<\/td><td>Tar\u0131k \u015eerbet\u00e7io\u011flu<\/td><\/tr><tr><td>2017 &#8211; 2018<\/td><td><strong>Perdesiz Sahne<\/strong><\/td><td><strong>M\u00fcfetti\u015f<\/strong><\/td><td>Hlestakov<\/td><td>\u0130.Atilla Atasaoy<\/td><\/tr><tr><td>2016 &#8211; 2017<\/td><td><strong>Cihangir Tatavla<\/strong><\/td><td><strong>Moon Over Buffalo<\/strong><strong> ***<\/strong><\/td><td>Richard Maynard<\/td><td>Eraslan Sa\u011flam<\/td><\/tr><tr><td>2016 &#8211; 2017<\/td><td><strong>Menfi Theatre<\/strong><\/td><td><strong>Masan\u0131n Alt\u0131nda<\/strong><\/td><td>Marc Thuyl<\/td><td>Eraslan Sa\u011flam<\/td><\/tr><tr><td>2016 &#8211; 2017<\/td><td><strong>\u0130stanbul Kumpanyas\u0131<\/strong><\/td><td><strong>Ma\u015fa ile Koca Ay\u0131 (\u00c7.O)<\/strong><\/td><td>&nbsp;<\/td><td>Tar\u0131k \u015eerbet\u00e7io\u011flu<\/td><\/tr><tr><td>2016 &#8211; 2017<\/td><td><strong>\u0130stanbul \u015eehir Tiyatrolar\u0131<\/strong><\/td><td><strong>Evcilik Oyunu<\/strong><\/td><td>Muhsin<\/td><td>U\u011fur Dilbaz<\/td><\/tr><tr><td>2015 &#8211; 2016<\/td><td><strong>\u0130stanbul Kumpanyas\u0131<\/strong><\/td><td><strong>Ayyar Hamza<\/strong><\/td><td>Nimet<\/td><td>Tar\u0131k \u015eerbet\u00e7io\u011flu<\/td><\/tr><tr><td>2015 &#8211; 2016<\/td><td><strong>\u0130stanbul Kumpanyas\u0131<\/strong><\/td><td><strong>Karman \u00c7orman<\/strong><\/td><td>H\u00fcseyin<\/td><td>Tar\u0131k \u015eerbet\u00e7io\u011flu<\/td><\/tr><tr><td>2015 &#8211; 2016<\/td><td><strong>\u0130stanbul Kumpanyas\u0131<\/strong><\/td><td><strong>Kutup Maceras\u0131 (\u00c7.O.)<\/strong><\/td><td>Kimo<\/td><td>\u00d6mer Gec\u00fc<\/td><\/tr><tr><td>2015 &#8211; 2016<\/td><td><strong>\u0130stanbul Kumpanyas\u0131<\/strong><\/td><td><strong>Deniz K\u0131z\u0131 (\u00c7.O.)<\/strong><\/td><td>&nbsp;<\/td><td>Binnur \u015eerbet\u00e7io\u011flu<\/td><\/tr><tr><td>2014 &#8211; 2015<\/td><td><strong>\u0130stanbul \u015eehir Tiyatrolar\u0131<\/strong><\/td><td><strong>Tiyatro M\u00fczikali<\/strong><\/td><td>Koro<\/td><td>Hakan Elbir<\/td><\/tr><tr><td>2013 &#8211; 2014<\/td><td><strong>\u0130stanbul Tema\u015fa Tiyatrosu<\/strong><\/td><td><strong>Huzur Soka\u011f\u0131<\/strong><\/td><td>Bilal<\/td><td>U\u011fra\u015f Atay<\/td><\/tr><tr><td>2013 &#8211; 2014<\/td><td>\u0130stanbul Tema\u015fa Tiyatrosu<\/td><td><strong>Kay\u0131p Ruhlar K\u0131raathanesi<\/strong><\/td><td>Hamit<\/td><td>U\u011fra\u015f Atay<\/td><\/tr><\/tbody><\/table><\/figure>\n\n\n\n<p><br>**** <strong>HU \/ IX. Uluslaras\u0131 Yeni Tiyatro Dergisi \u00d6d\u00fclleri \u201cY\u0131l\u0131n En \u0130yi Tiyatro Ekibi\u201d \u00d6d\u00fcl\u00fc<\/strong><\/p>\n\n\n\n<p><strong>***&nbsp;&nbsp;&nbsp; HU \/ XXII. Direkleraras\u0131 \u00d6d\u00fclleri \u201cEn \u0130yi \u00d6zg\u00fcn Oyun\u201d \u00d6d\u00fcl\u00fc<\/strong><\/p>\n\n\n\n<p><strong>***&nbsp;&nbsp;&nbsp; Fareler ve \u0130nsanlar \/ VIII. Ekin Yaz\u0131n Tiyatro \u00d6d\u00fclleri \u201cY\u0131l\u0131n Sahne Tasar\u0131m\u0131\u201d \u00d6d\u00fcl\u00fc<\/strong><\/p>\n\n\n\n<p><strong>****&nbsp; Fareler ve \u0130nsanlar \/ X. Yeni Tiyatro Dergisi \u00d6d\u00fclleri \u201cY\u0131l\u0131n En \u0130yi Tiyatro Ekibi\u201d \u00d6d\u00fcl\u00fc<\/strong><\/p>\n\n\n\n<p><strong>***&nbsp;&nbsp;&nbsp; Moon Over Buffalo \/ VI. Ekin Yaz\u0131n Tiyatro \u00d6d\u00fclleri \u201cY\u0131l\u0131n Komedisi\u201d \u00d6d\u00fcl\u00fc<\/strong><strong><\/strong><\/p>\n\n\n\n<div class=\"wp-block-group\"><div class=\"wp-block-group__inner-container is-layout-flow wp-block-group-is-layout-flow\"><\/div><\/div>\n","protected":false},"excerpt":{"rendered":"<p>T\u0130YATRO OYUNLARI Sezon Tiyatro Oyun Karakter Y\u00f6netmen 2026 Sakarya \u015e. Tiyatrosu Mehmet Ali Mehmet U\u011fra\u015f Atay 2026 Sakarya \u015e. Tiyatrosu Yoldan \u00c7\u0131kan&hellip;<\/p>\n<p> <a class=\"more-link\" href=\"https:\/\/www.ercanertan.com\/index.php\/tiyatro-oyunlari\/\">Daha fazla oku<\/a><\/p>\n","protected":false},"author":1,"featured_media":0,"parent":0,"menu_order":0,"comment_status":"closed","ping_status":"closed","template":"","meta":{"pgc_sgb_lightbox_settings":"","footnotes":""},"class_list":["post-8","page","type-page","status-publish"],"_links":{"self":[{"href":"https:\/\/www.ercanertan.com\/index.php\/wp-json\/wp\/v2\/pages\/8","targetHints":{"allow":["GET"]}}],"collection":[{"href":"https:\/\/www.ercanertan.com\/index.php\/wp-json\/wp\/v2\/pages"}],"about":[{"href":"https:\/\/www.ercanertan.com\/index.php\/wp-json\/wp\/v2\/types\/page"}],"author":[{"embeddable":true,"href":"https:\/\/www.ercanertan.com\/index.php\/wp-json\/wp\/v2\/users\/1"}],"replies":[{"embeddable":true,"href":"https:\/\/www.ercanertan.com\/index.php\/wp-json\/wp\/v2\/comments?post=8"}],"version-history":[{"count":8,"href":"https:\/\/www.ercanertan.com\/index.php\/wp-json\/wp\/v2\/pages\/8\/revisions"}],"predecessor-version":[{"id":273,"href":"https:\/\/www.ercanertan.com\/index.php\/wp-json\/wp\/v2\/pages\/8\/revisions\/273"}],"wp:attachment":[{"href":"https:\/\/www.ercanertan.com\/index.php\/wp-json\/wp\/v2\/media?parent=8"}],"curies":[{"name":"wp","href":"https:\/\/api.w.org\/{rel}","templated":true}]}}