{"id":7,"date":"2022-08-03T17:33:43","date_gmt":"2022-08-03T17:33:43","guid":{"rendered":"http:\/\/www.ercanertan.com\/?page_id=7"},"modified":"2026-02-17T08:57:09","modified_gmt":"2026-02-17T08:57:09","slug":"egitim","status":"publish","type":"page","link":"https:\/\/www.ercanertan.com\/index.php\/egitim\/","title":{"rendered":"E\u011fitim"},"content":{"rendered":"\n<figure class=\"wp-block-table has-small-font-size\"><table><tbody><tr><td><strong>Sezon<\/strong><\/td><td><strong>Okul<\/strong><\/td><td><strong>B\u00f6l\u00fcm<\/strong><\/td><\/tr><tr><td>2022<\/td><td><strong>Yeditepe \u00dcniversitesi Sosyal Bilimler Enstit\u00fcs\u00fc<br>( Y\u00fcksek Lisans \u2013 Tezli )<\/strong><\/td><td><strong>Sanat ve K\u00fclt\u00fcr Anabilim Dal\u0131&nbsp;&nbsp;&nbsp;&nbsp; 3.80 \/ 4.00<br>* Ba\u015far\u0131 Bursu (%100)<\/strong><\/td><\/tr><tr><td>2018 <\/td><td><strong>Yeditepe \u00dcniversitesi G. S. F. Tiyatro<\/strong><\/td><td><strong>&nbsp;Oyunculuk &nbsp;&nbsp;&nbsp;&nbsp;&nbsp;&nbsp;&nbsp;&nbsp;&nbsp;&nbsp;&nbsp;                     &nbsp;3.73 \/ 4.00<br>*B\u00f6l\u00fcm Birincisi&nbsp; &#8211; Y\u00fcksek Onur Derecesi<\/strong><\/td><\/tr><tr><td>2021<\/td><td>Dar\u00fclbedayi (Fulya Peker)<\/td><td>Beden \u2013 Antik Metin<\/td><\/tr><tr><td>2021<\/td><td>Michael Chekhov Europe (Ulrich Meyer \u2013 Susana Nikolic)<\/td><td>Oyunculuk<br>(Workshop)<\/td><\/tr><tr><td>2020<strong><\/strong><\/td><td>Michael Chekhov Europe (Jobst Langhans \u2013 Gunnar FrietSch)<\/td><td>Oyunculuk (Workshop)<\/td><\/tr><tr><td>2019<\/td><td>Michael Chekhov Europe (Ulrich Meyer)<\/td><td>Oyunculuk (Workshop)<\/td><\/tr><tr><td>2018<\/td><td>Berktay Aky\u0131ld\u0131z<\/td><td>\u015ean<\/td><\/tr><tr><td>2027<\/td><td>Ekin Bezirgano\u011flu<\/td><td>\u015ean<\/td><\/tr><tr><td>2015<\/td><td>Dar\u00fclbedayi<\/td><td>Oyunculuk<\/td><\/tr><tr><td>2015<\/td><td>Federal St\u00fcdyolar\u0131<\/td><td>Seslendirme &#8211; Dublaj<\/td><\/tr><tr><td>2012<\/td><td>\u00c7.\u00d6.M.\u00dc<\/td><td>\u0130.\u0130.B.F.<\/td><\/tr><\/tbody><\/table><\/figure>\n\n\n\n<h5 class=\"wp-block-heading has-text-align-center\">Y\u00dcKSEK L\u0130SANS TEZ\u0130<br>(Y\u00d6K-TEZ)<\/h5>\n\n\n\n<p class=\"has-text-align-center\"><strong>ENGL\u0130SH<\/strong><br><strong><a href=\"https:\/\/tez.yok.gov.tr\/UlusalTezMerkezi\/TezGoster?key=V-oEQd0LkkqRGCXNzJWCTQB4iTczQqGWAvtONQGWOnm5SxzlqC9h-dsX07P-p3kb\">Arts Management in Institutional Theatres in Turkey in the Context of the Professionalization of Art: Istanbul Metropolitan Municipality City Theaters<\/a><\/strong><\/p>\n\n\n\n<p class=\"has-text-align-center\"><strong>T\u00dcRK\u00c7E<\/strong><br><a href=\"http:\/\/www.ercanertan.com\/wp-content\/uploads\/2026\/02\/Sanatin-Profesyonellesmesi-Baglaminda-Turkiyede-Kurum-Tiyatrolari-Yonetimi-IBB-Sehir-TiyatrolariAtifli.pdf\"><strong><mark style=\"background-color:rgba(0, 0, 0, 0)\" class=\"has-inline-color has-black-color\">Sanat\u0131n Profesyonelle\u015fmesi Ba\u011flam\u0131nda T\u00fcrkiye\u2019de Kurum Tiyatrolar\u0131nda Sanat Y\u00f6netimi; <\/mark><\/strong><br><strong><mark style=\"background-color:rgba(0, 0, 0, 0)\" class=\"has-inline-color has-black-color\">\u0130BB \u015eehir Tiyatrolar\u0131<\/mark><\/strong><\/a><\/p>\n\n\n\n<p><\/p>\n","protected":false},"excerpt":{"rendered":"<p>Sezon Okul B\u00f6l\u00fcm 2022 Yeditepe \u00dcniversitesi Sosyal Bilimler Enstit\u00fcs\u00fc( Y\u00fcksek Lisans \u2013 Tezli ) Sanat ve K\u00fclt\u00fcr Anabilim Dal\u0131&nbsp;&nbsp;&nbsp;&nbsp; 3.80 \/ 4.00*&hellip;<\/p>\n<p> <a class=\"more-link\" href=\"https:\/\/www.ercanertan.com\/index.php\/egitim\/\">Daha fazla oku<\/a><\/p>\n","protected":false},"author":1,"featured_media":0,"parent":0,"menu_order":0,"comment_status":"closed","ping_status":"closed","template":"","meta":{"pgc_sgb_lightbox_settings":"","footnotes":""},"class_list":["post-7","page","type-page","status-publish"],"_links":{"self":[{"href":"https:\/\/www.ercanertan.com\/index.php\/wp-json\/wp\/v2\/pages\/7","targetHints":{"allow":["GET"]}}],"collection":[{"href":"https:\/\/www.ercanertan.com\/index.php\/wp-json\/wp\/v2\/pages"}],"about":[{"href":"https:\/\/www.ercanertan.com\/index.php\/wp-json\/wp\/v2\/types\/page"}],"author":[{"embeddable":true,"href":"https:\/\/www.ercanertan.com\/index.php\/wp-json\/wp\/v2\/users\/1"}],"replies":[{"embeddable":true,"href":"https:\/\/www.ercanertan.com\/index.php\/wp-json\/wp\/v2\/comments?post=7"}],"version-history":[{"count":11,"href":"https:\/\/www.ercanertan.com\/index.php\/wp-json\/wp\/v2\/pages\/7\/revisions"}],"predecessor-version":[{"id":282,"href":"https:\/\/www.ercanertan.com\/index.php\/wp-json\/wp\/v2\/pages\/7\/revisions\/282"}],"wp:attachment":[{"href":"https:\/\/www.ercanertan.com\/index.php\/wp-json\/wp\/v2\/media?parent=7"}],"curies":[{"name":"wp","href":"https:\/\/api.w.org\/{rel}","templated":true}]}}