{"id":51,"date":"2022-08-06T15:06:34","date_gmt":"2022-08-06T15:06:34","guid":{"rendered":"http:\/\/www.ercanertan.com\/?page_id=51"},"modified":"2025-08-20T08:11:01","modified_gmt":"2025-08-20T08:11:01","slug":"videolar","status":"publish","type":"page","link":"https:\/\/www.ercanertan.com\/index.php\/videolar\/","title":{"rendered":"Video Galeri"},"content":{"rendered":"<div class=\"pgc-sgb-cb wp-block-pgcsimplygalleryblock-viewer \" data-gallery-id=\"98153384\"><div class=\"sgb-preloader\" id=\"pr_98153384\">\n\t<div class=\"sgb-square\" style=\"background:#d4d4d4\"><\/div>\n\t<div class=\"sgb-square\" style=\"background:#d4d4d4\"><\/div>\n\t<div class=\"sgb-square\" style=\"background:#d4d4d4\"><\/div>\n\t<div class=\"sgb-square\" style=\"background:#d4d4d4\"><\/div><\/div><div class=\"simply-gallery-amp pgc_sgb_slider \" style=\"display: none;\"><div class=\"sgb-gallery\"><div class=\"sgb-item\"><video controls preload=\"none\"  src=\"http:\/\/www.ercanertan.com\/wp-content\/uploads\/2025\/07\/Payitaht-Ercan-Ertan.mp4\"><\/video><\/div><div class=\"sgb-item\"><video controls preload=\"none\"  src=\"http:\/\/www.ercanertan.com\/wp-content\/uploads\/2025\/07\/Buyuk-Iskender-Ercan-Ertan.mp4\"><\/video><div class=\"sgb-item-caption\"><em>Ercan Ertan<\/em><\/div><\/div><div class=\"sgb-item\"><video controls preload=\"none\"  src=\"http:\/\/www.ercanertan.com\/wp-content\/uploads\/2025\/07\/Ercan-Ertan-Jacome-Koko-Mehmed-Fetihler-Sultani1.mov\"><\/video><\/div><\/div><\/div><script type=\"application\/json\" class=\"sgb-data\">{\"galleryType\":\"pgc_sgb_viewer\",\"galleryId\":\"98153384\",\"images\":[{\"id\":248,\"title\":\"Payitaht - Ercan Ertan\",\"url\":\"http:\/\/www.ercanertan.com\/wp-content\/uploads\/2025\/07\/Payitaht-Ercan-Ertan.mp4\",\"link\":\"https:\/\/www.ercanertan.com\/index.php\/videolar\/payitaht-ercan-ertan\/\",\"alt\":\"\",\"description\":\"\",\"caption\":\"\",\"mime\":\"video\/mp4\",\"type\":\"video\",\"image\":{\"src\":\"https:\/\/www.ercanertan.com\/wp-includes\/images\/media\/video.svg\",\"width\":48,\"height\":64},\"thumb\":{\"src\":\"https:\/\/www.ercanertan.com\/wp-includes\/images\/media\/video.svg\",\"width\":48,\"height\":64},\"width\":1920,\"height\":1080,\"fileLength\":\"7:50\",\"meta\":{\"artist\":false,\"album\":false,\"bitrate\":2057029,\"bitrate_mode\":false},\"postlink\":\"https:\/\/www.ercanertan.com\/index.php\/videolar\/payitaht-ercan-ertan\/\"},{\"id\":230,\"title\":\"B\u00fcy\u00fck \u0130skender Ercan Ertan\",\"url\":\"http:\/\/www.ercanertan.com\/wp-content\/uploads\/2025\/07\/Buyuk-Iskender-Ercan-Ertan.mp4\",\"link\":\"https:\/\/www.ercanertan.com\/index.php\/videolar\/buyuk-iskender-ercan-ertan\/\",\"alt\":\"\",\"description\":\"\",\"caption\":\"Ercan Ertan\",\"mime\":\"video\/mp4\",\"type\":\"video\",\"image\":{\"src\":\"https:\/\/www.ercanertan.com\/wp-includes\/images\/media\/video.svg\",\"width\":48,\"height\":64},\"thumb\":{\"src\":\"https:\/\/www.ercanertan.com\/wp-includes\/images\/media\/video.svg\",\"width\":48,\"height\":64},\"width\":1920,\"height\":1080,\"fileLength\":\"11:24\",\"meta\":{\"artist\":false,\"album\":false,\"bitrate\":1375761,\"bitrate_mode\":false},\"postlink\":\"https:\/\/www.ercanertan.com\/index.php\/videolar\/buyuk-iskender-ercan-ertan\/\"},{\"id\":250,\"title\":\"Ercan Ertan - Jacome Koko (Mehmed Fetihler Sultan\u0131(1)\",\"url\":\"http:\/\/www.ercanertan.com\/wp-content\/uploads\/2025\/07\/Ercan-Ertan-Jacome-Koko-Mehmed-Fetihler-Sultani1.mov\",\"link\":\"https:\/\/www.ercanertan.com\/index.php\/videolar\/ercan-ertan-jacome-koko-mehmed-fetihler-sultani1\/\",\"alt\":\"\",\"description\":\"\",\"caption\":\"\",\"mime\":\"video\/quicktime\",\"type\":\"video\",\"image\":{\"src\":\"https:\/\/www.ercanertan.com\/wp-includes\/images\/media\/video.svg\",\"width\":48,\"height\":64},\"thumb\":{\"src\":\"https:\/\/www.ercanertan.com\/wp-includes\/images\/media\/video.svg\",\"width\":48,\"height\":64},\"width\":1280,\"height\":720,\"fileLength\":\"11:09\",\"meta\":{\"artist\":false,\"album\":false,\"bitrate\":false,\"bitrate_mode\":false},\"postlink\":\"https:\/\/www.ercanertan.com\/index.php\/videolar\/ercan-ertan-jacome-koko-mehmed-fetihler-sultani1\/\"}],\"itemsMetaDataCollection\":[]}<\/script><script>(function(){if(window.PGC_SGB && window.PGC_SGB.searcher){window.PGC_SGB.searcher.initBlocks()}})()<\/script><\/div>\n\n\n<figure class=\"wp-block-embed is-type-video is-provider-youtube wp-block-embed-youtube wp-embed-aspect-16-9 wp-has-aspect-ratio\"><div class=\"wp-block-embed__wrapper\">\n<iframe loading=\"lazy\" title=\"\u201cOynad\u0131\u011f\u0131 Oyunun Metninin Tamam\u0131n\u0131 Okumayan Oyuncular Biliyorum\u201d | Ercan Ertan\" width=\"800\" height=\"450\" src=\"https:\/\/www.youtube.com\/embed\/PG7OKBCobyM?start=1&#038;feature=oembed\" frameborder=\"0\" allow=\"accelerometer; autoplay; clipboard-write; encrypted-media; gyroscope; picture-in-picture; web-share\" referrerpolicy=\"strict-origin-when-cross-origin\" allowfullscreen><\/iframe>\n<\/div><\/figure>\n","protected":false},"excerpt":{"rendered":"","protected":false},"author":1,"featured_media":0,"parent":0,"menu_order":0,"comment_status":"closed","ping_status":"closed","template":"","meta":{"pgc_sgb_lightbox_settings":"","footnotes":""},"class_list":["post-51","page","type-page","status-publish"],"_links":{"self":[{"href":"https:\/\/www.ercanertan.com\/index.php\/wp-json\/wp\/v2\/pages\/51","targetHints":{"allow":["GET"]}}],"collection":[{"href":"https:\/\/www.ercanertan.com\/index.php\/wp-json\/wp\/v2\/pages"}],"about":[{"href":"https:\/\/www.ercanertan.com\/index.php\/wp-json\/wp\/v2\/types\/page"}],"author":[{"embeddable":true,"href":"https:\/\/www.ercanertan.com\/index.php\/wp-json\/wp\/v2\/users\/1"}],"replies":[{"embeddable":true,"href":"https:\/\/www.ercanertan.com\/index.php\/wp-json\/wp\/v2\/comments?post=51"}],"version-history":[{"count":14,"href":"https:\/\/www.ercanertan.com\/index.php\/wp-json\/wp\/v2\/pages\/51\/revisions"}],"predecessor-version":[{"id":261,"href":"https:\/\/www.ercanertan.com\/index.php\/wp-json\/wp\/v2\/pages\/51\/revisions\/261"}],"wp:attachment":[{"href":"https:\/\/www.ercanertan.com\/index.php\/wp-json\/wp\/v2\/media?parent=51"}],"curies":[{"name":"wp","href":"https:\/\/api.w.org\/{rel}","templated":true}]}}